{"id":4254,"date":"2024-12-30T19:09:04","date_gmt":"2024-12-30T19:09:04","guid":{"rendered":"https:\/\/ibecpublishing.com\/?page_id=4254"},"modified":"2024-12-30T19:09:33","modified_gmt":"2024-12-30T19:09:33","slug":"4254-2","status":"publish","type":"page","link":"http:\/\/ibecpublishing.com\/en\/4254-2\/","title":{"rendered":"Registrere deg"},"content":{"rendered":"<p><img decoding=\"async\" class=\"alignnone size-medium wp-image-3989\" src=\"http:\/\/ibecpublishing.com\/wp-content\/uploads\/2024\/09\/LOGO2-300x117.png\" alt=\"\" width=\"300\" height=\"117\" srcset=\"http:\/\/ibecpublishing.com\/wp-content\/uploads\/2024\/09\/LOGO2-300x117.png 300w, http:\/\/ibecpublishing.com\/wp-content\/uploads\/2024\/09\/LOGO2-1024x400.png 1024w, http:\/\/ibecpublishing.com\/wp-content\/uploads\/2024\/09\/LOGO2-768x300.png 768w, http:\/\/ibecpublishing.com\/wp-content\/uploads\/2024\/09\/LOGO2-1536x601.png 1536w, http:\/\/ibecpublishing.com\/wp-content\/uploads\/2024\/09\/LOGO2-2048x801.png 2048w, http:\/\/ibecpublishing.com\/wp-content\/uploads\/2024\/09\/LOGO2-600x235.png 600w\" sizes=\"(max-width: 300px) 100vw, 300px\" \/><\/p>\n<p>P\u00e5 ibecpublishing.com krever vi vanligvis ikke registrering fra bes\u00f8kende for \u00e5 bla gjennom b\u00f8kene v\u00e5re. I noen tilfeller gj\u00f8r vi det imidlertid for v\u00e5re bes\u00f8kende som \u00f8nsker \u00e5 handle direkte gjennom nettstedet v\u00e5rt og bes\u00f8kende som \u00f8nsker \u00e5 f\u00f8lge favorittbutikken deres. Bruk knappen nedenfor for \u00e5 registrere deg. Klikk p\u00e5 pilen under for \u00e5 g\u00e5 videre til registrering.<\/p>\n<p><a href=\"https:\/\/ibecpublishing.com\/en\/register\/\" target=\"_blank\" rel=\"noopener\"><img decoding=\"async\" class=\"wp-image-4255 aligncenter\" src=\"http:\/\/ibecpublishing.com\/wp-content\/uploads\/2024\/12\/Arrow-300x214.png\" alt=\"\" width=\"88\" height=\"63\" srcset=\"http:\/\/ibecpublishing.com\/wp-content\/uploads\/2024\/12\/Arrow-300x214.png 300w, http:\/\/ibecpublishing.com\/wp-content\/uploads\/2024\/12\/Arrow-220x154.png 220w, http:\/\/ibecpublishing.com\/wp-content\/uploads\/2024\/12\/Arrow.png 334w\" sizes=\"(max-width: 88px) 100vw, 88px\" \/><\/a><\/p>","protected":false},"excerpt":{"rendered":"<p>P\u00e5 ibecpublishing.com krever vi vanligvis ikke registrering fra bes\u00f8kende for \u00e5 bla gjennom b\u00f8kene v\u00e5re. I noen tilfeller gj\u00f8r vi det imidlertid for v\u00e5re bes\u00f8kende som \u00f8nsker \u00e5 handle direkte [&hellip;]<\/p>","protected":false},"author":1,"featured_media":0,"parent":0,"menu_order":0,"comment_status":"closed","ping_status":"closed","template":"","meta":{"footnotes":""},"class_list":["post-4254","page","type-page","status-publish","hentry"],"_links":{"self":[{"href":"http:\/\/ibecpublishing.com\/en\/wp-json\/wp\/v2\/pages\/4254","targetHints":{"allow":["GET"]}}],"collection":[{"href":"http:\/\/ibecpublishing.com\/en\/wp-json\/wp\/v2\/pages"}],"about":[{"href":"http:\/\/ibecpublishing.com\/en\/wp-json\/wp\/v2\/types\/page"}],"author":[{"embeddable":true,"href":"http:\/\/ibecpublishing.com\/en\/wp-json\/wp\/v2\/users\/1"}],"replies":[{"embeddable":true,"href":"http:\/\/ibecpublishing.com\/en\/wp-json\/wp\/v2\/comments?post=4254"}],"version-history":[{"count":2,"href":"http:\/\/ibecpublishing.com\/en\/wp-json\/wp\/v2\/pages\/4254\/revisions"}],"predecessor-version":[{"id":4258,"href":"http:\/\/ibecpublishing.com\/en\/wp-json\/wp\/v2\/pages\/4254\/revisions\/4258"}],"wp:attachment":[{"href":"http:\/\/ibecpublishing.com\/en\/wp-json\/wp\/v2\/media?parent=4254"}],"curies":[{"name":"wp","href":"https:\/\/api.w.org\/{rel}","templated":true}]}}