{"id":489,"date":"2018-11-20T09:10:23","date_gmt":"2018-11-20T09:10:23","guid":{"rendered":"https:\/\/ibecpublishing.com\/?page_id=489"},"modified":"2024-10-12T11:41:44","modified_gmt":"2024-10-12T11:41:44","slug":"about-us-01","status":"publish","type":"page","link":"http:\/\/ibecpublishing.com\/en\/about-us-01\/","title":{"rendered":"Om oss"},"content":{"rendered":"<div class=\"vc_row wpb_row vc_row-fluid vc_custom_1542707844429 vc_row-has-fill\">\n                                        <div class=\"gf-row-inner gf-container container\">\n                        <div class=\"wpb_column vc_column_container vc_col-sm-12 vc_col-lg-offset-2 vc_col-lg-8 vc_col-md-offset-1 vc_col-md-10\"><div class=\"vc_column-inner\"><div class=\"wpb_wrapper\"><div class=\"g5plus-space space-69e1f8cdb454e\" data-id=\"69e1f8cdb454e\" data-tablet=\"100\" data-tablet-portrait=\"90\" data-mobile=\"70\" data-mobile-landscape=\"80\" style=\"clear: both; display: block; height: 120px\"><\/div>\n\t<div class=\"wpb_text_column wpb_content_element\" >\n\t\t<div class=\"wpb_wrapper\">\n\t\t\t<p class=\"mg-bottom-55 sm-mg-bottom-25\">Ibec Publishing er et lite privat forlag med hjemsted i Bergen,\u00a0Norge. Selv om vi er et lite selskap, pr\u00f8ver vi v\u00e5rt beste for \u00e5 gi ut b\u00f8ker vi tror p\u00e5, b\u00f8ker som vil underholde, utdanne og informere leserne v\u00e5re p\u00e5 forskjellige niv\u00e5er. Vi er imidlertid ikke opptatt av sterke erotiske b\u00f8ker, b\u00f8ker som fremmer hat, rasisme og slike temaer. Vi streber etter \u00e5 v\u00e6re et selskap som gir ut b\u00f8ker som er familievennlige samt utfordrer sinnet. Vi tror p\u00e5 veksten av menneskesinnet, og vi pr\u00f8ver \u00e5 bidra til det p\u00e5 alle m\u00e5ter vi kan. Velkommen til Ibec Publishing. Les, v\u00e6r glad og utvide sinnet ditt.<\/p>\n<p>&nbsp;<\/p>\n<p>Ibec Publishing drives av Peason Consult.<\/p>\n<p>Orgnr. 929499263<\/p>\n\n\t\t<\/div>\n\t<\/div>\n<\/div><\/div><\/div>\t\t\t\t\t\t\t<\/div>\n\t\t\t\n\t\t<\/div>","protected":false},"excerpt":{"rendered":"Ibec Publishing er et lite privat forlag med hjemsted i Bergen,\u00a0Norge. Selv om vi er et lite selskap, pr\u00f8ver vi v\u00e5rt beste for \u00e5 gi ut b\u00f8ker vi tror p\u00e5, [...]","protected":false},"author":1,"featured_media":0,"parent":0,"menu_order":0,"comment_status":"closed","ping_status":"closed","template":"","meta":{"footnotes":""},"class_list":["post-489","page","type-page","status-publish","hentry"],"_links":{"self":[{"href":"http:\/\/ibecpublishing.com\/en\/wp-json\/wp\/v2\/pages\/489","targetHints":{"allow":["GET"]}}],"collection":[{"href":"http:\/\/ibecpublishing.com\/en\/wp-json\/wp\/v2\/pages"}],"about":[{"href":"http:\/\/ibecpublishing.com\/en\/wp-json\/wp\/v2\/types\/page"}],"author":[{"embeddable":true,"href":"http:\/\/ibecpublishing.com\/en\/wp-json\/wp\/v2\/users\/1"}],"replies":[{"embeddable":true,"href":"http:\/\/ibecpublishing.com\/en\/wp-json\/wp\/v2\/comments?post=489"}],"version-history":[{"count":15,"href":"http:\/\/ibecpublishing.com\/en\/wp-json\/wp\/v2\/pages\/489\/revisions"}],"predecessor-version":[{"id":4173,"href":"http:\/\/ibecpublishing.com\/en\/wp-json\/wp\/v2\/pages\/489\/revisions\/4173"}],"wp:attachment":[{"href":"http:\/\/ibecpublishing.com\/en\/wp-json\/wp\/v2\/media?parent=489"}],"curies":[{"name":"wp","href":"https:\/\/api.w.org\/{rel}","templated":true}]}}