{"id":3713,"date":"2024-08-24T14:04:14","date_gmt":"2024-08-24T14:04:14","guid":{"rendered":"https:\/\/ibecpublishing.com\/?post_type=product&#038;p=3713"},"modified":"2026-02-03T08:55:39","modified_gmt":"2026-02-03T08:55:39","slug":"alfabetet-sporing-arbeidsbok","status":"publish","type":"product","link":"http:\/\/ibecpublishing.com\/en\/product\/alfabetet-sporing-arbeidsbok\/","title":{"rendered":"L\u00e6r \u00e5 skrive alfabetet(Engelsk) Aktivitesbok for f\u00f8rskolebarn og barn i tidlig skolealder"},"content":{"rendered":"<p>Forskning har vist at sporing er en aktivitet som styrker h\u00e5ndskriften ved \u00e5 hjelpe barn \u00e5 gjenkjenne formen en bokstav har, samtidig som de \u00f8ver p\u00e5 riktig st\u00f8rrelse p\u00e5 bokstaven og riktig formasjon av bokstaven.<\/p>\n<p><span class=\"jCAhz ChMk0b\"><span class=\"ryNqvb\"><span class=\"\">Linjesporings\u00f8velser vil hjelpe barna \u00e5 l\u00e6re \u00e5 slappe av i armen mens de skriver og gi dem fleksibilitet.\u00a0<\/span><\/span><\/span>\u00a0<span class=\"jCAhz ChMk0b\"><span class=\"ryNqvb\"><span class=\"\">Dette vil ogs\u00e5 hjelpe barnet ditt til \u00e5 l\u00e6re og skrive alfabeter uten problemer.\u00a0<\/span><\/span><\/span>\u00a0<span class=\"jCAhz ChMk0b\"><span class=\"ryNqvb\"><span class=\"\">Boken har 120 sider med flotte \u00f8velser for \u00e5 hjelpe barnets kreativitet og skriveferdigheter.<\/span><\/span><\/span><\/p>","protected":false},"excerpt":{"rendered":"<p>Forskning har vist at sporing er en aktivitet som styrker h\u00e5ndskriften ved \u00e5 hjelpe barn \u00e5 gjenkjenne formen en bokstav har, samtidig som de \u00f8ver p\u00e5 riktig st\u00f8rrelse p\u00e5 bokstaven og riktig formasjon av bokstaven.<\/p>\n<p>Linjesporings\u00f8velser vil hjelpe barna \u00e5 l\u00e6re \u00e5 slappe av i armen mens de skriver og gi dem fleksibilitet.\u00a0\u00a0Dette vil ogs\u00e5 hjelpe barnet ditt til \u00e5 l\u00e6re og skrive alfabeter uten problemer.\u00a0\u00a0Boken har 120 sider med flotte \u00f8velser for \u00e5 hjelpe barnets kreativitet og skriveferdigheter.<\/p>","protected":false},"featured_media":3715,"comment_status":"open","ping_status":"closed","template":"","meta":[],"product_brand":[],"product_cat":[234,212],"product_tag":[246,263,262,260,247,236,269,258,272,240,270,245],"class_list":{"0":"post-3713","1":"product","2":"type-product","3":"status-publish","4":"has-post-thumbnail","6":"product_author-d-darlington","7":"product_cat-uncategorized","8":"product_cat-child-literature","9":"product_tag-activity-book","10":"product_tag-aktivitetsbok","11":"product_tag-aktivitetsboker","12":"product_tag-barnebok","13":"product_tag-children","14":"product_tag-childrens-book","15":"product_tag-forskolebarn","16":"product_tag-norskboker","17":"product_tag-nummer","18":"product_tag-picture-book","19":"product_tag-skolebarn","20":"product_tag-workbook","22":"first","23":"instock","24":"taxable","25":"shipping-taxable","26":"purchasable","27":"product-type-simple"},"_links":{"self":[{"href":"http:\/\/ibecpublishing.com\/en\/wp-json\/wp\/v2\/product\/3713","targetHints":{"allow":["GET"]}}],"collection":[{"href":"http:\/\/ibecpublishing.com\/en\/wp-json\/wp\/v2\/product"}],"about":[{"href":"http:\/\/ibecpublishing.com\/en\/wp-json\/wp\/v2\/types\/product"}],"replies":[{"embeddable":true,"href":"http:\/\/ibecpublishing.com\/en\/wp-json\/wp\/v2\/comments?post=3713"}],"wp:featuredmedia":[{"embeddable":true,"href":"http:\/\/ibecpublishing.com\/en\/wp-json\/wp\/v2\/media\/3715"}],"wp:attachment":[{"href":"http:\/\/ibecpublishing.com\/en\/wp-json\/wp\/v2\/media?parent=3713"}],"wp:term":[{"taxonomy":"product_brand","embeddable":true,"href":"http:\/\/ibecpublishing.com\/en\/wp-json\/wp\/v2\/product_brand?post=3713"},{"taxonomy":"product_cat","embeddable":true,"href":"http:\/\/ibecpublishing.com\/en\/wp-json\/wp\/v2\/product_cat?post=3713"},{"taxonomy":"product_tag","embeddable":true,"href":"http:\/\/ibecpublishing.com\/en\/wp-json\/wp\/v2\/product_tag?post=3713"}],"curies":[{"name":"wp","href":"https:\/\/api.w.org\/{rel}","templated":true}]}}