{"id":3761,"date":"2024-08-24T15:40:28","date_gmt":"2024-08-24T15:40:28","guid":{"rendered":"https:\/\/ibecpublishing.com\/?post_type=product&#038;p=3761"},"modified":"2025-02-03T07:56:45","modified_gmt":"2025-02-03T07:56:45","slug":"sporingsovelser-for-barnehage-og-skolebarn-copy","status":"publish","type":"product","link":"http:\/\/ibecpublishing.com\/en\/product\/sporingsovelser-for-barnehage-og-skolebarn-copy\/","title":{"rendered":"L\u00e6r \u00e5 skrive(Norsk). Aktivitetsbok for f\u00f8rskolebarn 3-6\u00e5r"},"content":{"rendered":"<p>Finmotoriske ferdigheter.<br \/>\nFerdigheter f\u00f8r skriving.<br \/>\nKonsentrasjon og fokus.<br \/>\nVisuelle og romlige ferdigheter.<br \/>\nKreativitet og tegneferdigheter.<\/p>\n<p>Sporing fremmer finmotorikk, skriveforberedende ferdigheter, romlig bevissthet og andre viktige utviklingsaspekter hos barnet ditt. Det legger grunnlaget for vellykket skriving og utvikling av ulike kognitive ferdigheter i fremtiden.<\/p>","protected":false},"excerpt":{"rendered":"<p>Finmotoriske ferdigheter.<br \/>\nFerdigheter f\u00f8r skriving.<br \/>\nKonsentrasjon og fokus.<br \/>\nVisuelle og romlige ferdigheter.<br \/>\nKreativitet og tegneferdigheter.<\/p>\n<p>Sporing fremmer finmotorikk, skriveforberedende ferdigheter, romlig bevissthet og andre viktige utviklingsaspekter hos barnet ditt. Det legger grunnlaget for vellykket skriving og utvikling av ulike kognitive ferdigheter i fremtiden.<\/p>","protected":false},"featured_media":3769,"comment_status":"open","ping_status":"closed","template":"","meta":[],"product_brand":[],"product_cat":[234,212],"product_tag":[263,262,260,247,236,269,258],"class_list":{"0":"post-3761","1":"product","2":"type-product","3":"status-publish","4":"has-post-thumbnail","6":"product_author-d-darlington","7":"product_cat-uncategorized","8":"product_cat-child-literature","9":"product_tag-aktivitetsbok","10":"product_tag-aktivitetsboker","11":"product_tag-barnebok","12":"product_tag-children","13":"product_tag-childrens-book","14":"product_tag-forskolebarn","15":"product_tag-norskboker","17":"first","18":"instock","19":"taxable","20":"shipping-taxable","21":"purchasable","22":"product-type-simple"},"_links":{"self":[{"href":"http:\/\/ibecpublishing.com\/en\/wp-json\/wp\/v2\/product\/3761","targetHints":{"allow":["GET"]}}],"collection":[{"href":"http:\/\/ibecpublishing.com\/en\/wp-json\/wp\/v2\/product"}],"about":[{"href":"http:\/\/ibecpublishing.com\/en\/wp-json\/wp\/v2\/types\/product"}],"replies":[{"embeddable":true,"href":"http:\/\/ibecpublishing.com\/en\/wp-json\/wp\/v2\/comments?post=3761"}],"wp:featuredmedia":[{"embeddable":true,"href":"http:\/\/ibecpublishing.com\/en\/wp-json\/wp\/v2\/media\/3769"}],"wp:attachment":[{"href":"http:\/\/ibecpublishing.com\/en\/wp-json\/wp\/v2\/media?parent=3761"}],"wp:term":[{"taxonomy":"product_brand","embeddable":true,"href":"http:\/\/ibecpublishing.com\/en\/wp-json\/wp\/v2\/product_brand?post=3761"},{"taxonomy":"product_cat","embeddable":true,"href":"http:\/\/ibecpublishing.com\/en\/wp-json\/wp\/v2\/product_cat?post=3761"},{"taxonomy":"product_tag","embeddable":true,"href":"http:\/\/ibecpublishing.com\/en\/wp-json\/wp\/v2\/product_tag?post=3761"}],"curies":[{"name":"wp","href":"https:\/\/api.w.org\/{rel}","templated":true}]}}