{"id":3682,"date":"2024-08-24T11:45:23","date_gmt":"2024-08-24T11:45:23","guid":{"rendered":"https:\/\/ibecpublishing.com\/?post_type=product&#038;p=3682"},"modified":"2024-09-27T10:54:06","modified_gmt":"2024-09-27T10:54:06","slug":"the-boy-who-conquered-the-night-monsters-2","status":"publish","type":"product","link":"https:\/\/ibecpublishing.com\/en\/product\/the-boy-who-conquered-the-night-monsters-2\/","title":{"rendered":"Barnebok om \u00e5 vinne over frykten for m\u00f8rket( Engelsk version)"},"content":{"rendered":"<p>Kevin er en \u00e5tte \u00e5r gammel gutt med stor fantasi. P\u00e5 rommet sitt ser han monstre, edderkopper, tyver og tigre som plager ham hver natt. Derfor gruer han seg til \u00e5 sove med lyset slukket. En dag bestemmer han seg for \u00e5 forsvare rommet og territoriet sitt mot dem, akkurat som i videospillene sine. Med svette, skjelvende hender og hjertebank strekker Kevin seg etter bryteren og sl\u00e5r av lyset. Skjelvende av frykt, Keven forbereder seg p\u00e5 den ultimate kampen. Men s\u00e5 skjer det noe uventet.<\/p>\n<p>\u00abJ\u00f8ss, jeg kan se!\u00bb mumler jeg for meg selv: \u00abJeg kan se!\u00bb Jeg s\u00e5 etter monstrene og de farlige skapningene som hadde plaget meg s\u00e5 lenge, men det var ingenting der. Jeg gikk bort til sengen min, satte meg p\u00e5 kanten og s\u00e5 meg rundt. Jeg hadde aldri sett rommet mitt slik f\u00f8r. \u00abJeg er Spiderman\u00bb, hvisket jeg til meg selv med et stort smil.<\/p>","protected":false},"excerpt":{"rendered":"<p>Denne boken handler om noe alle barn har et forhold til, og nesten alle frykter; m\u00f8rket.\u00a0<\/p>\n<p>M\u00f8rkeredsel kan ramme mennesker i alle aldre, men det er vanligst hos barn. Problemet er at de ikke kan se hva som lurer i et m\u00f8rkt rom. Dette gj\u00f8r at de f\u00f8ler seg s\u00e5rbare, og fantasien l\u00f8per l\u00f8psk.<\/p>\n<p>&nbsp;<\/p>","protected":false},"featured_media":3683,"comment_status":"open","ping_status":"closed","template":"","meta":[],"product_brand":[],"product_cat":[234,212],"product_tag":[268,264,265,267,266],"class_list":{"0":"post-3682","1":"product","2":"type-product","3":"status-publish","4":"has-post-thumbnail","6":"product_author-wiki-frost","7":"product_cat-uncategorized","8":"product_cat-child-literature","9":"product_tag-fear-of-the-dark","10":"product_tag-morkeredd","11":"product_tag-morkeredd-barn","12":"product_tag-morkredd-fobi","13":"product_tag-redd-for-morket","15":"first","16":"instock","17":"taxable","18":"shipping-taxable","19":"purchasable","20":"product-type-simple"},"_links":{"self":[{"href":"https:\/\/ibecpublishing.com\/en\/wp-json\/wp\/v2\/product\/3682","targetHints":{"allow":["GET"]}}],"collection":[{"href":"https:\/\/ibecpublishing.com\/en\/wp-json\/wp\/v2\/product"}],"about":[{"href":"https:\/\/ibecpublishing.com\/en\/wp-json\/wp\/v2\/types\/product"}],"replies":[{"embeddable":true,"href":"https:\/\/ibecpublishing.com\/en\/wp-json\/wp\/v2\/comments?post=3682"}],"wp:featuredmedia":[{"embeddable":true,"href":"https:\/\/ibecpublishing.com\/en\/wp-json\/wp\/v2\/media\/3683"}],"wp:attachment":[{"href":"https:\/\/ibecpublishing.com\/en\/wp-json\/wp\/v2\/media?parent=3682"}],"wp:term":[{"taxonomy":"product_brand","embeddable":true,"href":"https:\/\/ibecpublishing.com\/en\/wp-json\/wp\/v2\/product_brand?post=3682"},{"taxonomy":"product_cat","embeddable":true,"href":"https:\/\/ibecpublishing.com\/en\/wp-json\/wp\/v2\/product_cat?post=3682"},{"taxonomy":"product_tag","embeddable":true,"href":"https:\/\/ibecpublishing.com\/en\/wp-json\/wp\/v2\/product_tag?post=3682"}],"curies":[{"name":"wp","href":"https:\/\/api.w.org\/{rel}","templated":true}]}}