{"id":3695,"date":"2024-08-24T13:08:51","date_gmt":"2024-08-24T13:08:51","guid":{"rendered":"https:\/\/ibecpublishing.com\/?post_type=product&#038;p=3695"},"modified":"2024-09-27T10:52:42","modified_gmt":"2024-09-27T10:52:42","slug":"dinosaur-coloring-by-number","status":"publish","type":"product","link":"https:\/\/ibecpublishing.com\/en\/product\/dinosaur-coloring-by-number\/","title":{"rendered":"Farge etter tall &#8211; Dinosaur(Norsk). Aktivitetsbok for \u00e5 l\u00e6re nummer og \u00f8ke konsentrasjonen"},"content":{"rendered":"<p>Fargelegg etter tall-bok som hjelper barn \u00e5 l\u00e6re nummer og \u00e5 f\u00f8lge instruksjoner. Boken inneholder ogs\u00e5 \u00f8velser som hjelper barna \u00e5 l\u00e6re mer om dinosaurer samtidig som de utvikler kreativiteten sin.<\/p>","protected":false},"excerpt":{"rendered":"<p>Fargelegg etter tall-bok som hjelper barn \u00e5 l\u00e6re nummer og \u00e5 f\u00f8lge instruksjoner. Boken inneholder ogs\u00e5 \u00f8velser som hjelper barna \u00e5 l\u00e6re mer om dinosaurer samtidig som de utvikler kreativiteten sin.<\/p>","protected":false},"featured_media":3697,"comment_status":"open","ping_status":"closed","template":"","meta":[],"product_brand":[],"product_cat":[234,212],"product_tag":[263,262,279,260,277,278,247,236,274,275,269,258,272,270,276],"class_list":{"0":"post-3695","1":"product","2":"type-product","3":"status-publish","4":"has-post-thumbnail","6":"product_author-d-darlington","7":"product_cat-uncategorized","8":"product_cat-child-literature","9":"product_tag-aktivitetsbok","10":"product_tag-aktivitetsboker","11":"product_tag-barn","12":"product_tag-barnebok","13":"product_tag-blekk","14":"product_tag-blyant","15":"product_tag-children","16":"product_tag-childrens-book","17":"product_tag-fargeblyant","18":"product_tag-fargelegging","19":"product_tag-forskolebarn","20":"product_tag-norskboker","21":"product_tag-nummer","22":"product_tag-skolebarn","23":"product_tag-tegning","25":"first","26":"instock","27":"taxable","28":"shipping-taxable","29":"purchasable","30":"product-type-simple"},"_links":{"self":[{"href":"https:\/\/ibecpublishing.com\/en\/wp-json\/wp\/v2\/product\/3695","targetHints":{"allow":["GET"]}}],"collection":[{"href":"https:\/\/ibecpublishing.com\/en\/wp-json\/wp\/v2\/product"}],"about":[{"href":"https:\/\/ibecpublishing.com\/en\/wp-json\/wp\/v2\/types\/product"}],"replies":[{"embeddable":true,"href":"https:\/\/ibecpublishing.com\/en\/wp-json\/wp\/v2\/comments?post=3695"}],"wp:featuredmedia":[{"embeddable":true,"href":"https:\/\/ibecpublishing.com\/en\/wp-json\/wp\/v2\/media\/3697"}],"wp:attachment":[{"href":"https:\/\/ibecpublishing.com\/en\/wp-json\/wp\/v2\/media?parent=3695"}],"wp:term":[{"taxonomy":"product_brand","embeddable":true,"href":"https:\/\/ibecpublishing.com\/en\/wp-json\/wp\/v2\/product_brand?post=3695"},{"taxonomy":"product_cat","embeddable":true,"href":"https:\/\/ibecpublishing.com\/en\/wp-json\/wp\/v2\/product_cat?post=3695"},{"taxonomy":"product_tag","embeddable":true,"href":"https:\/\/ibecpublishing.com\/en\/wp-json\/wp\/v2\/product_tag?post=3695"}],"curies":[{"name":"wp","href":"https:\/\/api.w.org\/{rel}","templated":true}]}}