{"id":3743,"date":"2024-08-24T15:02:18","date_gmt":"2024-08-24T15:02:18","guid":{"rendered":"https:\/\/ibecpublishing.com\/?post_type=product&#038;p=3743"},"modified":"2026-02-03T08:55:58","modified_gmt":"2026-02-03T08:55:58","slug":"nummersporing-arbeidsbok","status":"publish","type":"product","link":"https:\/\/ibecpublishing.com\/en\/product\/nummersporing-arbeidsbok\/","title":{"rendered":"L\u00e6re \u00e5 skrive tall (norsk). Aktivitetsbok for barn i alderen 3-8 \u00e5r"},"content":{"rendered":"<p>\u00c5 spore nummer er en grunnleggende ferdighet som kan hjelpe sm\u00e5 barn med \u00e5 utvikle finmotorikk, \u00f8ye-h\u00e5nd-koordinasjon og tallgjenkjenning. Ved \u00e5 spore tall l\u00e6rer barna ikke bare hvordan tallene dannes riktig, men de l\u00e6rer ogs\u00e5 \u00e5 forbedre h\u00e5ndskriftferdighetene sine.<\/p>","protected":false},"excerpt":{"rendered":"<p>\u00c5 spore tall er en grunnleggende ferdighet som kan hjelpe sm\u00e5 barn med \u00e5 utvikle finmotorikk, \u00f8ye-h\u00e5nd-koordinasjon og tallgjenkjenning. Ved \u00e5 spore tall l\u00e6rer barna ikke bare hvordan tallene dannes riktig, men de l\u00e6rer ogs\u00e5 \u00e5 forbedre h\u00e5ndskriftferdighetene sine.<\/p>","protected":false},"featured_media":3744,"comment_status":"open","ping_status":"closed","template":"","meta":[],"product_brand":[],"product_cat":[234,212],"product_tag":[263,262,260,247,236,269,258,272,270],"class_list":{"0":"post-3743","1":"product","2":"type-product","3":"status-publish","4":"has-post-thumbnail","6":"product_author-d-darlington","7":"product_cat-uncategorized","8":"product_cat-child-literature","9":"product_tag-aktivitetsbok","10":"product_tag-aktivitetsboker","11":"product_tag-barnebok","12":"product_tag-children","13":"product_tag-childrens-book","14":"product_tag-forskolebarn","15":"product_tag-norskboker","16":"product_tag-nummer","17":"product_tag-skolebarn","19":"first","20":"instock","21":"taxable","22":"shipping-taxable","23":"purchasable","24":"product-type-simple"},"_links":{"self":[{"href":"https:\/\/ibecpublishing.com\/en\/wp-json\/wp\/v2\/product\/3743","targetHints":{"allow":["GET"]}}],"collection":[{"href":"https:\/\/ibecpublishing.com\/en\/wp-json\/wp\/v2\/product"}],"about":[{"href":"https:\/\/ibecpublishing.com\/en\/wp-json\/wp\/v2\/types\/product"}],"replies":[{"embeddable":true,"href":"https:\/\/ibecpublishing.com\/en\/wp-json\/wp\/v2\/comments?post=3743"}],"wp:featuredmedia":[{"embeddable":true,"href":"https:\/\/ibecpublishing.com\/en\/wp-json\/wp\/v2\/media\/3744"}],"wp:attachment":[{"href":"https:\/\/ibecpublishing.com\/en\/wp-json\/wp\/v2\/media?parent=3743"}],"wp:term":[{"taxonomy":"product_brand","embeddable":true,"href":"https:\/\/ibecpublishing.com\/en\/wp-json\/wp\/v2\/product_brand?post=3743"},{"taxonomy":"product_cat","embeddable":true,"href":"https:\/\/ibecpublishing.com\/en\/wp-json\/wp\/v2\/product_cat?post=3743"},{"taxonomy":"product_tag","embeddable":true,"href":"https:\/\/ibecpublishing.com\/en\/wp-json\/wp\/v2\/product_tag?post=3743"}],"curies":[{"name":"wp","href":"https:\/\/api.w.org\/{rel}","templated":true}]}}