{"id":3776,"date":"2024-08-25T13:54:25","date_gmt":"2024-08-25T13:54:25","guid":{"rendered":"http:\/\/ibecpublishing.com\/?post_type=product&#038;p=3776"},"modified":"2025-02-03T07:56:53","modified_gmt":"2025-02-03T07:56:53","slug":"handskriftovelser-aktiviteksbok-for-barn","status":"publish","type":"product","link":"https:\/\/ibecpublishing.com\/en\/product\/handskriftovelser-aktiviteksbok-for-barn\/","title":{"rendered":"H\u00e5ndskrift \u00f8velser (Norsk). Aktiviteksb\u00f8k til barn 4-6\u00e5r"},"content":{"rendered":"<p>H\u00e5ndskriftferdigheter hjelper barn med \u00e5 utvikle lese- og staveferdigheter. H\u00e5ndskrift hjelper ogs\u00e5 med \u00e5 huske og gjenkalle informasjon. Og vi trenger h\u00e5ndskriftferdigheter for \u00e5 utf\u00f8re mange oppgaver senere i livet, som \u00e5 skrive bursdagskort, fylle ut skjemaer og signere viktige dokumenter. H\u00e5ndskrift er en kompleks ferdighet som utvikles over tid. For \u00e5 l\u00e6re seg h\u00e5ndskrift m\u00e5 barn kombinere finmotorikk, spr\u00e5k, hukommelse og konsentrasjon. De m\u00e5 ogs\u00e5 \u00f8ve og f\u00f8lge instruksjoner.<\/p>\n<p>H\u00e5ndskrift starter med skribling og tegning, og g\u00e5r deretter over til \u00e5 forme bokstaver, ord og setninger.<\/p>","protected":false},"excerpt":{"rendered":"<p>H\u00e5ndskriftferdigheter hjelper barn med \u00e5 utvikle lese- og staveferdigheter. H\u00e5ndskrift hjelper ogs\u00e5 med \u00e5 huske og gjenkalle informasjon. Og vi trenger h\u00e5ndskriftferdigheter for \u00e5 utf\u00f8re mange oppgaver senere i livet, som \u00e5 skrive bursdagskort, fylle ut skjemaer og signere viktige dokumenter. H\u00e5ndskrift er en kompleks ferdighet som utvikles over tid. For \u00e5 l\u00e6re seg h\u00e5ndskrift m\u00e5 barn kombinere finmotorikk, spr\u00e5k, hukommelse og konsentrasjon. De m\u00e5 ogs\u00e5 \u00f8ve og f\u00f8lge instruksjoner.<\/p>\n<p>H\u00e5ndskrift starter med skribling og tegning, og g\u00e5r deretter over til \u00e5 forme bokstaver, ord og setninger.<\/p>","protected":false},"featured_media":3777,"comment_status":"open","ping_status":"closed","template":"","meta":[],"product_brand":[],"product_cat":[234,212,231],"product_tag":[262,261,260,254,247,269,271,258,270],"class_list":{"0":"post-3776","1":"product","2":"type-product","3":"status-publish","4":"has-post-thumbnail","6":"product_author-d-darlington","7":"product_cat-uncategorized","8":"product_cat-child-literature","9":"product_cat-featured","10":"product_tag-aktivitetsboker","11":"product_tag-akvitetsbok","12":"product_tag-barnebok","13":"product_tag-barneboker","14":"product_tag-children","15":"product_tag-forskolebarn","16":"product_tag-handskrift","17":"product_tag-norskboker","18":"product_tag-skolebarn","20":"first","21":"instock","22":"taxable","23":"shipping-taxable","24":"purchasable","25":"product-type-simple"},"_links":{"self":[{"href":"https:\/\/ibecpublishing.com\/en\/wp-json\/wp\/v2\/product\/3776","targetHints":{"allow":["GET"]}}],"collection":[{"href":"https:\/\/ibecpublishing.com\/en\/wp-json\/wp\/v2\/product"}],"about":[{"href":"https:\/\/ibecpublishing.com\/en\/wp-json\/wp\/v2\/types\/product"}],"replies":[{"embeddable":true,"href":"https:\/\/ibecpublishing.com\/en\/wp-json\/wp\/v2\/comments?post=3776"}],"wp:featuredmedia":[{"embeddable":true,"href":"https:\/\/ibecpublishing.com\/en\/wp-json\/wp\/v2\/media\/3777"}],"wp:attachment":[{"href":"https:\/\/ibecpublishing.com\/en\/wp-json\/wp\/v2\/media?parent=3776"}],"wp:term":[{"taxonomy":"product_brand","embeddable":true,"href":"https:\/\/ibecpublishing.com\/en\/wp-json\/wp\/v2\/product_brand?post=3776"},{"taxonomy":"product_cat","embeddable":true,"href":"https:\/\/ibecpublishing.com\/en\/wp-json\/wp\/v2\/product_cat?post=3776"},{"taxonomy":"product_tag","embeddable":true,"href":"https:\/\/ibecpublishing.com\/en\/wp-json\/wp\/v2\/product_tag?post=3776"}],"curies":[{"name":"wp","href":"https:\/\/api.w.org\/{rel}","templated":true}]}}